{"id":751,"date":"2024-03-07T10:54:03","date_gmt":"2024-03-07T09:54:03","guid":{"rendered":"https:\/\/sustainablestories.be\/?post_type=product&#038;p=751"},"modified":"2026-01-20T14:22:30","modified_gmt":"2026-01-20T13:22:30","slug":"doeboek-trol-wil-weer-lol-2","status":"publish","type":"product","link":"https:\/\/sustainablestories.be\/fr\/produit\/doeboek-trol-wil-weer-lol-2\/","title":{"rendered":"Livre d'action - Troll a du bol"},"content":{"rendered":"<p>\"Troll a du bol\" enseigne \u00e0 votre enfant ce que signifie exactement \u00eatre en bonne sant\u00e9 et lui propose des actions concr\u00e8tes pour prendre en main sa sant\u00e9 et son bien-\u00eatre. Il s'agit de notre deuxi\u00e8me livre publi\u00e9 dans une s\u00e9rie de dix-sept livres bas\u00e9s sur les objectifs de d\u00e9veloppement durable. Avec ce livre, nous voulons donner \u00e0 votre enfant l'occasion de devenir un v\u00e9ritable acteur du d\u00e9veloppement durable !<\/p>\n<p>\"Chaque jour, Singe se balance de liane en liane dans la for\u00eat. Cela le rend heureux. Jusqu'\u00e0 ce que Troll y mette un terme. Troll n'est pas du tout heureux car il ne s'amuse pas. Singe r\u00e9ussira-t-il \u00e0 changer cela ?\"<\/p>\n<p>Dit doeboek bevat naast een prachtig ge\u00efllustreerd verhaal ook spelletjes, gespreksstarters, weetjes en acties die je kindjes zelf al kan ondernemen om een goede gezondheid en welzijn bij jezelf \u00e9n bij anderen te bevorderen.<\/p>\n<p>Il s'agit d'un format A4 \u00e0 couverture rigide, avec 32 pages int\u00e9rieures.<\/p>\n<h4>Comment le livre a-t-il \u00e9t\u00e9 r\u00e9alis\u00e9 ?<\/h4>\n<p>Ce livre a \u00e9t\u00e9 r\u00e9alis\u00e9 \u00e0 partir de surplus de papier et a \u00e9t\u00e9 imprim\u00e9 au moyen d\u2019encres v\u00e9g\u00e9tales. Nous avons aussi d\u00e9lib\u00e9r\u00e9ment choisi un format A4, car il s'agit d'un format standard o\u00f9 aucun papier suppl\u00e9mentaire n'est gaspill\u00e9.<\/p>\n<p>Onze boeken zijn ook fysiek beschikbaar bij Pardoes (Ontvoeringsplein 12, 2800 Mechelen).<\/p>","protected":false},"excerpt":{"rendered":"<p>&#8220;Trol wil weer lol&#8221; leert je kind wat gezond zijn nu precies betekent en reikt concrete acties\u00a0aan om een goede gezondheid en welzijn in eigen handen te nemen. Het is ons tweede uitgebrachte boekje in een reeks van\u00a0zeventien boeken, gebaseerd op de Sustainable Development Goals. We willen je\u00a0kind hiermee een mogelijkheid geven om een echte [&hellip;]<\/p>","protected":false},"featured_media":1535,"template":"","meta":{"_acf_changed":false},"product_brand":[],"product_cat":[49],"product_tag":[],"class_list":{"0":"post-751","1":"product","2":"type-product","3":"status-publish","4":"has-post-thumbnail","6":"product_cat-stories","8":"first","9":"instock","10":"taxable","11":"shipping-taxable","12":"purchasable","13":"product-type-variable","14":"has-default-attributes"},"acf":[],"_links":{"self":[{"href":"https:\/\/sustainablestories.be\/fr\/wp-json\/wp\/v2\/product\/751","targetHints":{"allow":["GET"]}}],"collection":[{"href":"https:\/\/sustainablestories.be\/fr\/wp-json\/wp\/v2\/product"}],"about":[{"href":"https:\/\/sustainablestories.be\/fr\/wp-json\/wp\/v2\/types\/product"}],"wp:featuredmedia":[{"embeddable":true,"href":"https:\/\/sustainablestories.be\/fr\/wp-json\/wp\/v2\/media\/1535"}],"wp:attachment":[{"href":"https:\/\/sustainablestories.be\/fr\/wp-json\/wp\/v2\/media?parent=751"}],"wp:term":[{"taxonomy":"product_brand","embeddable":true,"href":"https:\/\/sustainablestories.be\/fr\/wp-json\/wp\/v2\/product_brand?post=751"},{"taxonomy":"product_cat","embeddable":true,"href":"https:\/\/sustainablestories.be\/fr\/wp-json\/wp\/v2\/product_cat?post=751"},{"taxonomy":"product_tag","embeddable":true,"href":"https:\/\/sustainablestories.be\/fr\/wp-json\/wp\/v2\/product_tag?post=751"}],"curies":[{"name":"wp","href":"https:\/\/api.w.org\/{rel}","templated":true}]}}