{"id":744,"date":"2024-03-07T10:28:54","date_gmt":"2024-03-07T09:28:54","guid":{"rendered":"https:\/\/sustainablestories.be\/?post_type=product&#038;p=744"},"modified":"2026-01-20T14:18:55","modified_gmt":"2026-01-20T13:18:55","slug":"doeboek-een-dak-voor-slak-2","status":"publish","type":"product","link":"https:\/\/sustainablestories.be\/fr\/produit\/doeboek-een-dak-voor-slak-2\/","title":{"rendered":"Livre d'action - Un ch\u00e2teau pour Escargot"},"content":{"rendered":"<p>\"Un ch\u00e2teau pour Escargot\" apprend \u00e0 votre enfant ce qu'est exactement la pauvret\u00e9 et lui propose des actions concr\u00e8tes pour lutter lui-m\u00eame contre ce probl\u00e8me. C'est le premier d'une s\u00e9rie de dix-sept livres bas\u00e9s sur les objectifs de d\u00e9veloppement durable. Avec ce livre, nous voulons donner \u00e0 votre enfant l'occasion de devenir un v\u00e9ritable acteur du d\u00e9veloppement durable !<\/p>\n<blockquote><p>\"Chaque soir, l'\u00e9cureuil observe les \u00e9toiles depuis son nid bien chaud. C'est ce qui la rend la plus heureuse. Mais voil\u00e0 qu'elle rencontre un escargot qui est beaucoup moins chaud et douillet qu'elle. L'\u00e9cureuil parviendra-t-il \u00e0 aider l'escargot ?\".<\/p><\/blockquote>\n<p>Outre une histoire magnifiquement illustr\u00e9e, ce livre d'activit\u00e9s contient des jeux, des amorces de conversation, des faits et des actions que votre enfant peut d\u00e9j\u00e0 entreprendre par lui-m\u00eame contre la pauvret\u00e9.<\/p>\n<p>Il s'agit d'un format A4 \u00e0 couverture rigide, avec 32 pages int\u00e9rieures.<\/p>\n<p><strong>Comment le livre a-t-il \u00e9t\u00e9 r\u00e9alis\u00e9 ?<\/strong><\/p>\n<p>Ce livre a \u00e9t\u00e9 r\u00e9alis\u00e9 \u00e0 partir de surplus de papier et a \u00e9t\u00e9 imprim\u00e9 au moyen d\u2019encres v\u00e9g\u00e9tales. Nous avons aussi d\u00e9lib\u00e9r\u00e9ment choisi un format A4, car il s'agit d'un format standard o\u00f9 aucun papier suppl\u00e9mentaire n'est gaspill\u00e9.<\/p>\n<div id=\"accel-snackbar\" style=\"left: 50%; top: 50px;\">Onze boeken zijn ook fysiek beschikbaar bij Pardoes (Ontvoeringsplein 12, 2800 Mechelen).<\/div>","protected":false},"excerpt":{"rendered":"<p>Een Dak voor Slak leert je kind wat armoede nu precies is en reikt concrete acties\u00a0aan om dit probleem zelf te bestrijden. Het is ons eerste boekje in een reeks van\u00a0zeventien boeken, gebaseerd op de Sustainable Development Goals. We willen je\u00a0kind hiermee een mogelijkheid geven om een echte wereldverbeteraar te worden! &#8220;Elke avond kijkt Eekhoorn [&hellip;]<\/p>","protected":false},"featured_media":1534,"template":"","meta":{"_acf_changed":false},"product_brand":[],"product_cat":[49],"product_tag":[],"class_list":{"0":"post-744","1":"product","2":"type-product","3":"status-publish","4":"has-post-thumbnail","6":"product_cat-stories","8":"first","9":"instock","10":"taxable","11":"shipping-taxable","12":"purchasable","13":"product-type-variable","14":"has-default-attributes"},"acf":[],"_links":{"self":[{"href":"https:\/\/sustainablestories.be\/fr\/wp-json\/wp\/v2\/product\/744","targetHints":{"allow":["GET"]}}],"collection":[{"href":"https:\/\/sustainablestories.be\/fr\/wp-json\/wp\/v2\/product"}],"about":[{"href":"https:\/\/sustainablestories.be\/fr\/wp-json\/wp\/v2\/types\/product"}],"wp:featuredmedia":[{"embeddable":true,"href":"https:\/\/sustainablestories.be\/fr\/wp-json\/wp\/v2\/media\/1534"}],"wp:attachment":[{"href":"https:\/\/sustainablestories.be\/fr\/wp-json\/wp\/v2\/media?parent=744"}],"wp:term":[{"taxonomy":"product_brand","embeddable":true,"href":"https:\/\/sustainablestories.be\/fr\/wp-json\/wp\/v2\/product_brand?post=744"},{"taxonomy":"product_cat","embeddable":true,"href":"https:\/\/sustainablestories.be\/fr\/wp-json\/wp\/v2\/product_cat?post=744"},{"taxonomy":"product_tag","embeddable":true,"href":"https:\/\/sustainablestories.be\/fr\/wp-json\/wp\/v2\/product_tag?post=744"}],"curies":[{"name":"wp","href":"https:\/\/api.w.org\/{rel}","templated":true}]}}