{"id":580,"date":"2023-12-01T14:34:56","date_gmt":"2023-12-01T13:34:56","guid":{"rendered":"https:\/\/sustainablestories.be\/?post_type=product&#038;p=580"},"modified":"2026-01-20T14:17:10","modified_gmt":"2026-01-20T13:17:10","slug":"journal-sanglier-veut-etre-propre","status":"publish","type":"product","link":"https:\/\/sustainablestories.be\/fr\/produit\/journal-sanglier-veut-etre-propre\/","title":{"rendered":"Livre d'action - Cochon veut \u00eatre mignon"},"content":{"rendered":"<div id=\":5a3\" class=\"Ar Au Ao\">\n<div id=\":59z\" class=\"Am aiL Al editable LW-avf tS-tW tS-tY\" role=\"textbox\" aria-label=\"Texte du message\" aria-controls=\":5cd\" aria-expanded=\"false\">\n<p>\"Cochon veut \u00eatre mignon\" enseigne \u00e0 votre enfant l'importance de l'eau propre et de l'assainissement et lui propose des actions concr\u00e8tes pour qu'il en prenne conscience et qu'il agisse d\u00e9j\u00e0 en ce sens. Il s'agit de notre quatri\u00e8me livret d'une s\u00e9rie de 17 livres bas\u00e9s sur les objectifs de d\u00e9veloppement durable. Nous ne les publions pas dans l'ordre, car chaque sujet est tout aussi important. Avec nos livres, nous voulons encourager votre enfant \u00e0 d\u00e9velopper un \u00e9tat d'esprit orient\u00e9 vers l'action qui peut enrichir \u00e0 la fois votre propre vie et celle de la terre sur laquelle nous vivons.<\/p>\n<p dir=\"ltr\">Cochon et Bouc rivalisent pour \u00eatre les plus propres. Ils se donnent beaucoup de mal pour g\u00e2cher le reflet de l'autre dans la rivi\u00e8re, mais ce faisant, ils ne se rendent pas compte des d\u00e9g\u00e2ts qu'ils causent. Parviendront-ils \u00e0 rendre l'eau \u00e0 nouveau propre et \u00e0 sauver leur vieil arbre ? D\u00e9couvrez-le par vous-m\u00eame !<\/p>\n<p>En plus d'une histoire magnifiquement illustr\u00e9e, ce livre d'activit\u00e9s contient des jeux, des amorces de conversation, des faits et des actions que votre enfant peut d\u00e9j\u00e0 entreprendre pour s'engager en faveur de l'eau propre et de l'assainissement. Mais aussi ensemble, en classe et \u00e0 la maison.<\/p>\n<p>Il s'agit d'un format A4 \u00e0 couverture rigide, avec 32 pages int\u00e9rieures.<\/p>\n<p>Comment le livre a-t-il \u00e9t\u00e9 r\u00e9alis\u00e9 ?<\/p>\n<p>Ce livre a \u00e9t\u00e9 r\u00e9alis\u00e9 \u00e0 partir de surplus de papier et a \u00e9t\u00e9 imprim\u00e9 au moyen d\u2019encres v\u00e9g\u00e9tales. Nous avons aussi d\u00e9lib\u00e9r\u00e9ment choisi un format A4, car il s'agit d'un format standard o\u00f9 aucun papier suppl\u00e9mentaire n'est gaspill\u00e9.<\/p>\n<p>Onze boeken zijn ook fysiek beschikbaar bij Pardoes (Ontvoeringsplein 12, 2800 Mechelen).<\/p>\n<\/div>\n<\/div>","protected":false},"excerpt":{"rendered":"<p>&#8220;Zwijn wil schoon zijn&#8221; leert je kind hoe belangrijk schoon water en sanitair is en reikt concrete acties aan om hier bewust mee om te gaan en er zelf al op in te zetten. Het is ons vierde boekje in een reeks van zeventien boeken, gebaseerd op de Sustainable Development Goals. We brengen ze niet [&hellip;]<\/p>","protected":false},"featured_media":1537,"template":"","meta":{"_acf_changed":false},"product_brand":[],"product_cat":[49],"product_tag":[],"class_list":{"0":"post-580","1":"product","2":"type-product","3":"status-publish","4":"has-post-thumbnail","6":"product_cat-stories","8":"first","9":"instock","10":"taxable","11":"shipping-taxable","12":"purchasable","13":"product-type-variable","14":"has-default-attributes"},"acf":[],"_links":{"self":[{"href":"https:\/\/sustainablestories.be\/fr\/wp-json\/wp\/v2\/product\/580","targetHints":{"allow":["GET"]}}],"collection":[{"href":"https:\/\/sustainablestories.be\/fr\/wp-json\/wp\/v2\/product"}],"about":[{"href":"https:\/\/sustainablestories.be\/fr\/wp-json\/wp\/v2\/types\/product"}],"wp:featuredmedia":[{"embeddable":true,"href":"https:\/\/sustainablestories.be\/fr\/wp-json\/wp\/v2\/media\/1537"}],"wp:attachment":[{"href":"https:\/\/sustainablestories.be\/fr\/wp-json\/wp\/v2\/media?parent=580"}],"wp:term":[{"taxonomy":"product_brand","embeddable":true,"href":"https:\/\/sustainablestories.be\/fr\/wp-json\/wp\/v2\/product_brand?post=580"},{"taxonomy":"product_cat","embeddable":true,"href":"https:\/\/sustainablestories.be\/fr\/wp-json\/wp\/v2\/product_cat?post=580"},{"taxonomy":"product_tag","embeddable":true,"href":"https:\/\/sustainablestories.be\/fr\/wp-json\/wp\/v2\/product_tag?post=580"}],"curies":[{"name":"wp","href":"https:\/\/api.w.org\/{rel}","templated":true}]}}