{"id":524,"date":"2023-03-27T07:01:33","date_gmt":"2023-03-27T05:01:33","guid":{"rendered":"https:\/\/sustainablestories.be\/?post_type=product&#038;p=524"},"modified":"2026-01-20T14:13:40","modified_gmt":"2026-01-20T13:13:40","slug":"livre-dactivites-papillon-le-courage-donne-de-leclat","status":"publish","type":"product","link":"https:\/\/sustainablestories.be\/fr\/produit\/livre-dactivites-papillon-le-courage-donne-de-leclat\/","title":{"rendered":"Livre d'action - Les lampions de Papillon"},"content":{"rendered":"<p>Le livre \"Les lampions de Papillon\" apprend \u00e0 votre enfant ce qu'est l'\u00e9nergie durable et lui propose des actions concr\u00e8tes pour en prendre conscience et d\u00e9j\u00e0 agir en ce sens. Il s'agit du troisi\u00e8me livre d'une s\u00e9rie de dix-sept, bas\u00e9e sur les objectifs de d\u00e9veloppement durable. Nous voulons donner \u00e0 votre enfant l'occasion de devenir un v\u00e9ritable acteur du d\u00e9veloppement durable !<\/p>\n<p>\"Papillon est amoureuse. Chaque nuit, elle vole vers le lac pour voir sa belle Luciole. Mais Papillon n'\u00e9met pas de lumi\u00e8re, alors comment Luciole pourrait-elle la remarquer ? Elle cherche toutes sortes de moyens pour faire de la lumi\u00e8re. Pensez-vous que Papillon y parviendra ?\"<\/p>\n<p>En plus d'une histoire magnifiquement illustr\u00e9e, ce livre d'activit\u00e9s contient des jeux, des amorces de conversation, des faits et des actions que votre enfant peut d\u00e9j\u00e0 entreprendre pour s'engager lui-m\u00eame dans l'\u00e9nergie durable, mais aussi ensemble, \u00e0 la fois en classe et \u00e0 la maison.<\/p>\n<p>Il s'agit d'un format A4 \u00e0 couverture rigide, avec 32 pages int\u00e9rieures.<\/p>\n<p>Comment le livre a-t-il \u00e9t\u00e9 r\u00e9alis\u00e9 ?<br \/>\nCe livre a \u00e9t\u00e9 r\u00e9alis\u00e9 \u00e0 partir de surplus de papier et a \u00e9t\u00e9 imprim\u00e9 au moyen d\u2019encres v\u00e9g\u00e9tales. Nous avons aussi d\u00e9lib\u00e9r\u00e9ment choisi un format A4, car il s'agit d'un format standard o\u00f9 aucun papier suppl\u00e9mentaire n'est gaspill\u00e9.<\/p>\n<p>Onze boeken zijn ook fysiek beschikbaar bij Pardoes (Ontvoeringsplein 12, 2800 Mechelen).<\/p>","protected":false},"excerpt":{"rendered":"<p>&#8220;Vlinders moed geeft gloed&#8221; leert je kind wat duurzame energie is en reikt concrete acties aan om hier bewust om te gaan en er zelf al op in te zetten. Het is ons derde boekje in een reeks van zeventien boeken, gebaseerd op de Sustainable Development Goals. We willen je kind hiermee een mogelijkheid geven [&hellip;]<\/p>","protected":false},"featured_media":1536,"template":"","meta":{"_acf_changed":false},"product_brand":[],"product_cat":[49],"product_tag":[],"class_list":{"0":"post-524","1":"product","2":"type-product","3":"status-publish","4":"has-post-thumbnail","6":"product_cat-stories","8":"first","9":"instock","10":"taxable","11":"shipping-taxable","12":"purchasable","13":"product-type-variable","14":"has-default-attributes"},"acf":[],"_links":{"self":[{"href":"https:\/\/sustainablestories.be\/fr\/wp-json\/wp\/v2\/product\/524","targetHints":{"allow":["GET"]}}],"collection":[{"href":"https:\/\/sustainablestories.be\/fr\/wp-json\/wp\/v2\/product"}],"about":[{"href":"https:\/\/sustainablestories.be\/fr\/wp-json\/wp\/v2\/types\/product"}],"wp:featuredmedia":[{"embeddable":true,"href":"https:\/\/sustainablestories.be\/fr\/wp-json\/wp\/v2\/media\/1536"}],"wp:attachment":[{"href":"https:\/\/sustainablestories.be\/fr\/wp-json\/wp\/v2\/media?parent=524"}],"wp:term":[{"taxonomy":"product_brand","embeddable":true,"href":"https:\/\/sustainablestories.be\/fr\/wp-json\/wp\/v2\/product_brand?post=524"},{"taxonomy":"product_cat","embeddable":true,"href":"https:\/\/sustainablestories.be\/fr\/wp-json\/wp\/v2\/product_cat?post=524"},{"taxonomy":"product_tag","embeddable":true,"href":"https:\/\/sustainablestories.be\/fr\/wp-json\/wp\/v2\/product_tag?post=524"}],"curies":[{"name":"wp","href":"https:\/\/api.w.org\/{rel}","templated":true}]}}