{"id":91,"date":"2021-08-30T16:03:15","date_gmt":"2021-08-30T14:03:15","guid":{"rendered":"https:\/\/sustainablestories.webmatic.be\/contact\/"},"modified":"2024-08-30T10:12:36","modified_gmt":"2024-08-30T08:12:36","slug":"contact","status":"publish","type":"page","link":"https:\/\/sustainablestories.be\/fr\/contact\/","title":{"rendered":"Contact"},"content":{"rendered":"<section class=\"bde-section-91-100 bde-section\">\n  \n  \n\t\n\n\n\n<div class=\"section-container\"><div class=\"bde-columns-91-101 bde-columns\"><div class=\"bde-column-91-102 bde-column\">\n  \n  \n\t\n\n\n\n<div class=\"bde-shortcode-91-104 bde-shortcode\"><div class='fluentform ff-default fluentform_wrapper_1 ffs_default_wrap'><form data-form_id=\"1\" id=\"fluentform_1\" class=\"frm-fluent-form fluent_form_1 ff-el-form-top ff_form_instance_1_1 ff-form-loading ffs_default\" data-form_instance=\"ff_form_instance_1_1\" method=\"POST\" action=\"\" ><fieldset  style=\"border: none!important;margin: 0!important;padding: 0!important;background-color: transparent!important;box-shadow: none!important;outline: none!important; min-inline-size: 100%;\">\n                    <legend class=\"ff_screen_reader_title\" style=\"display: block; margin: 0!important;padding: 0!important;height: 0!important;text-indent: -999999px;width: 0!important;overflow:hidden;\">Contact<\/legend>        <div\n                style=\"display: none!important; position: absolute!important; transform: translateX(1000%)!important;\"\n                class=\"ff-el-group ff-hpsf-container\"\n        >\n            <div class=\"ff-el-input--label asterisk-right\">\n                <label for=\"ff_1_item_sf\" aria-label=\"Updates\">\n                    Updates                <\/label>\n            <\/div>\n            <div class=\"ff-el-input--content\">\n                <input type=\"text\"\n                       name=\"item_1__fluent_sf\"\n                       class=\"ff-el-form-control\"\n                       id=\"ff_1_item_sf\"\n                \/>\n            <\/div>\n        <\/div>\n        <input type='hidden' name='__fluent_form_embded_post_id' value='91' \/><input type=\"hidden\" id=\"_fluentform_1_fluentformnonce\" name=\"_fluentform_1_fluentformnonce\" value=\"5ca7d431b0\" \/><input type=\"hidden\" name=\"_wp_http_referer\" value=\"\/fr\/wp-json\/wp\/v2\/pages\/91\" \/><div class=\"ff-el-group ff-el-section-break  ff_left\" data-name=\"section_break-1_1\" ><h3 class='ff-el-section-title'>Coordonn\u00e9es de la personne \u00e0 contacter<\/h3><div class='ff-section_break_desk'><\/div><hr \/><\/div><div class='ff-el-group ff-el-form-hide_label'><div class=\"ff-el-input--label ff-el-is-required asterisk-right\"><label for='ff_1_dropdown' id='label_ff_1_dropdown' aria-label=\"Qui\">Qui<\/label><\/div><div class='ff-el-input--content'><select name=\"dropdown\" id=\"ff_1_dropdown\" class=\"ff-el-form-control\" data-name=\"dropdown\" data-calc_value=\"0\"  aria-invalid=\"false\" aria-required=\"true\" aria-labelledby=\"label_ff_1_dropdown\"><option value=\"\">- Qui suis-je (s\u00e9lectionner) - *<\/option><option value=\"Ben jij de leerkracht of school die het verschil wilt maken?\"  >\u00cates-vous l'enseignant ou l'\u00e9cole qui veut faire la diff\u00e9rence ?<\/option><option value=\"Ben jij het bedrijf dat het verschil wilt maken?\"  >\u00cates-vous l'entreprise qui veut faire la diff\u00e9rence ?<\/option><option value=\"Ben jij een enthousiaste ouder?\"  >\u00cates-vous un parent enthousiaste ?<\/option><option value=\"Heb je een andere vraag?\"  >Avez-vous une autre question ?<\/option><\/select><\/div><\/div><div data-type=\"name-element\" data-name=\"names\" class=\"ff-field_container ff-name-field-wrapper\" ><div class='ff-t-container'><div class='ff-t-cell'><div class='ff-el-group  ff-el-form-hide_label'><div class=\"ff-el-input--label ff-el-is-required asterisk-right\"><label for='ff_1_names_first_name_' id='label_ff_1_names_first_name_' >Pr\u00e9nom<\/label><\/div><div class='ff-el-input--content'><input type=\"text\" name=\"names[first_name]\" id=\"ff_1_names_first_name_\" class=\"ff-el-form-control\" placeholder=\"Pr\u00e9nom *\" aria-invalid=\"false\" aria-required=\"true\"><\/div><\/div><\/div><div class='ff-t-cell'><div class='ff-el-group  ff-el-form-hide_label'><div class=\"ff-el-input--label ff-el-is-required asterisk-right\"><label for='ff_1_names_last_name_' id='label_ff_1_names_last_name_' >Nom de famille<\/label><\/div><div class='ff-el-input--content'><input type=\"text\" name=\"names[last_name]\" id=\"ff_1_names_last_name_\" class=\"ff-el-form-control\" placeholder=\"Nom de famille *\" aria-invalid=\"false\" aria-required=\"true\"><\/div><\/div><\/div><\/div><\/div><div class='ff-el-group ff-el-form-hide_label'><div class=\"ff-el-input--label ff-el-is-required asterisk-right\"><label for='ff_1_input_text' id='label_ff_1_input_text' aria-label=\"Nom de l&#039;entreprise ou de l&#039;\u00e9cole\">Nom de l'entreprise ou de l'\u00e9cole<\/label><\/div><div class='ff-el-input--content'><input type=\"text\" name=\"input_text\" class=\"ff-el-form-control\" placeholder=\"Nom de l&#039;entreprise ou de l&#039;\u00e9cole *\" data-name=\"input_text\" id=\"ff_1_input_text\"  aria-invalid=\"false\" aria-required=\"true\"><\/div><\/div><div class='ff-el-group ff-el-form-hide_label'><div class=\"ff-el-input--label ff-el-is-required asterisk-right\"><label for='ff_1_email' id='label_ff_1_email' aria-label=\"Adresse e-mail\">Adresse e-mail<\/label><\/div><div class='ff-el-input--content'><input type=\"email\" name=\"email\" id=\"ff_1_email\" class=\"ff-el-form-control\" placeholder=\"Adresse \u00e9lectronique *\" data-name=\"email\"  aria-invalid=\"false\" aria-required=\"true\"><\/div><\/div><div class='ff-el-group ff-el-form-hide_label'><div class=\"ff-el-input--label ff-el-is-required asterisk-right\"><label for='ff_1_phone' id='label_ff_1_phone' aria-label=\"Num\u00e9ro de t\u00e9l\u00e9phone\">Num\u00e9ro de t\u00e9l\u00e9phone<\/label><\/div><div class='ff-el-input--content'><input name=\"phone\" class=\"ff-el-form-control ff-el-phone\" type=\"tel\" placeholder=\"Num\u00e9ro de t\u00e9l\u00e9phone *\" data-name=\"phone\" id=\"ff_1_phone\" inputmode=\"tel\"  aria-invalid='false' aria-required=\"true\"><\/div><\/div><div class=\"ff-el-group ff-el-section-break  ff_left\" data-name=\"section_break-1_2\" ><h3 class='ff-el-section-title'>Pourquoi ?<\/h3><div class='ff-section_break_desk'><\/div><hr \/><\/div><div class='ff-el-group ff-el-form-hide_label'><div class=\"ff-el-input--label ff-el-is-required asterisk-right\"><label for='ff_1_dropdown_1' id='label_ff_1_dropdown_1' aria-label=\"Je souhaite \u00eatre contact\u00e9(e) par vous pour\">Je souhaite \u00eatre contact\u00e9(e) par vous pour<\/label><\/div><div class='ff-el-input--content'><select name=\"dropdown_1\" id=\"ff_1_dropdown_1\" class=\"ff-el-form-control\" data-name=\"dropdown_1\" data-calc_value=\"0\"  aria-invalid=\"false\" aria-required=\"true\" aria-labelledby=\"label_ff_1_dropdown_1\"><option value=\"\">- S\u00e9lectionner la raison du contact - *<\/option><option value=\"Meer info te ontvangen over jullie VZW\"  >Recevoir plus d'informations sur votre ASBL<\/option><option value=\"De mogelijkheden tot partnership en\/of sponsering te onderzoeken\"  >\u00c9tudier les possibilit\u00e9s de partenariat et\/ou de parrainage<\/option><option value=\"De boekjes te bestellen\"  >Commander les brochures<\/option><option value=\"Ander\"  >Autres<\/option><\/select><\/div><\/div><div class='ff-el-group ff-el-form-hide_label'><div class=\"ff-el-input--label asterisk-right\"><label for='ff_1_description' id='label_ff_1_description' aria-label=\"Votre question\">Votre question<\/label><\/div><div class='ff-el-input--content'><textarea aria-required=\"false\" aria-labelledby=\"label_ff_1_description\" name=\"description\" id=\"ff_1_description\" class=\"ff-el-form-control\" placeholder=\"Votre question\" rows=\"3\" cols=\"2\" data-name=\"description\" ><\/textarea><\/div><\/div><div class='ff-el-group    ff-el-input--content'><div class='ff-el-form-check ff-el-tc'><label aria-label='Je consens \u00e0 ce que ce site web stocke les informations que j&#039;ai fournies afin d&#039;en assurer le bon fonctionnement.' class='ff-el-form-check-label ff_tc_label' for=\"gdpr-agreement_59a688448a1886bae2c25dbf34672967\"><span class='ff_tc_checkbox'><input type=\"checkbox\" name=\"gdpr-agreement\" class=\"ff-el-form-check-input ff_gdpr_field\" data-name=\"gdpr-agreement\" id=\"gdpr-agreement_59a688448a1886bae2c25dbf34672967\"  value='on' aria-invalid='false' aria-required=\"true\"><\/span> <div class='ff_t_c'>Je consens \u00e0 ce que ce site web stocke les informations que j'ai fournies afin d'en assurer le bon fonctionnement.<\/div><\/label><\/div><\/div><div class='ff-el-group ff-text-left ff_submit_btn_wrapper'><button type=\"submit\" class=\"ff-btn ff-btn-submit ff-btn-md ff_btn_style\"  aria-label=\"Envoyer un message\">Envoyer un message<\/button><\/div><\/fieldset><input type=\"hidden\" name=\"trp-form-language\" value=\"fr\"\/><\/form><div id='fluentform_1_errors' class='ff-errors-in-stack ff_form_instance_1_1 ff-form-loading_errors ff_form_instance_1_1_errors'><\/div><\/div>            <script type=\"text\/javascript\">\n                window.fluent_form_ff_form_instance_1_1 = {\"id\":\"1\",\"settings\":{\"layout\":{\"labelPlacement\":\"top\",\"helpMessagePlacement\":\"with_label\",\"errorMessagePlacement\":\"inline\",\"asteriskPlacement\":\"asterisk-right\"},\"restrictions\":{\"denyEmptySubmission\":{\"enabled\":false}}},\"form_instance\":\"ff_form_instance_1_1\",\"form_id_selector\":\"fluentform_1\",\"rules\":{\"dropdown\":{\"required\":{\"value\":true,\"message\":\"Dit veld is verplicht!\"}},\"names[first_name]\":{\"required\":{\"value\":true,\"message\":\"Dit veld is verplicht!\"}},\"names[middle_name]\":{\"required\":{\"value\":false,\"message\":\"Dit veld is verplicht!\"}},\"names[last_name]\":{\"required\":{\"value\":true,\"message\":\"Dit veld is verplicht!\"}},\"input_text\":{\"required\":{\"value\":true,\"message\":\"Dit veld is verplicht!\"}},\"email\":{\"required\":{\"value\":true,\"message\":\"Dit veld is verplicht!\"},\"email\":{\"value\":true,\"message\":\"Dit veld moet een geldig e-mailadres bevatten\"}},\"phone\":{\"required\":{\"value\":true,\"message\":\"Dit veld is verplicht\"},\"valid_phone_number\":{\"value\":false,\"message\":\"Telefoonnummer is niet geldig\"}},\"dropdown_1\":{\"required\":{\"value\":true,\"message\":\"Dit veld is verplicht!\"}},\"description\":{\"required\":{\"value\":false,\"message\":\"Dit veld is verplicht!\"}},\"gdpr-agreement\":{\"required\":{\"value\":true,\"message\":\"Dit veld is verplicht!\"}}},\"debounce_time\":300};\n                            <\/script>\n            <\/div>\n<\/div><div class=\"bde-column-91-103 bde-column\">\n  \n  \n\t\n\n\n\n<div class=\"bde-div-91-105 bde-div\">\n  \n  \n\t\n\n\n\n<div class=\"bde-text-91-106 bde-text\">\nOnze Gegevens\n<\/div><div class=\"bde-text-91-107 bde-text\">\n{{contact_street}} {{contact_house_number}}\n<\/div><div class=\"bde-text-91-108 bde-text\">\n{{contact_postal_code}} {{contact_city}}\n<\/div><div class=\"bde-text-91-109 bde-text\">\n{{contact_country}}\n<\/div><div class=\"bde-text-91-110 bde-text\">\n{{company_vat}}\n<\/div><div class=\"bde-text-91-111 bde-text\">\n{{company_bank_account_01}}\n<\/div><div class=\"bde-text-91-112 bde-text\">\n{{company_bank_account_02}}\n<\/div>\n<\/div>\n<\/div><\/div><\/div>\n<\/section>","protected":false},"excerpt":{"rendered":"<p>Contact Updates ContactgegevensWie- Wie ben ik (selecteer) &#8211; *Ben jij de leerkracht of school die het verschil wilt maken?Ben jij het bedrijf dat het verschil wilt maken?Ben jij een enthousiaste ouder?Heb je een andere vraag?VoornaamAchternaamNaam bedrijf of naam schoolE-mailadresTelefoonnummerWaarom?Ik zou graag door jullie gecontacteerd worden om- Selecteer reden contact &#8211; *Meer info te ontvangen over [&hellip;]<\/p>","protected":false},"author":3,"featured_media":1533,"parent":0,"menu_order":6,"comment_status":"closed","ping_status":"closed","template":"","meta":{"_acf_changed":false,"_breakdance_hide_in_design_set":false,"_breakdance_tags":"","footnotes":""},"class_list":["post-91","page","type-page","status-publish","has-post-thumbnail","hentry"],"acf":[],"_links":{"self":[{"href":"https:\/\/sustainablestories.be\/fr\/wp-json\/wp\/v2\/pages\/91","targetHints":{"allow":["GET"]}}],"collection":[{"href":"https:\/\/sustainablestories.be\/fr\/wp-json\/wp\/v2\/pages"}],"about":[{"href":"https:\/\/sustainablestories.be\/fr\/wp-json\/wp\/v2\/types\/page"}],"author":[{"embeddable":true,"href":"https:\/\/sustainablestories.be\/fr\/wp-json\/wp\/v2\/users\/3"}],"replies":[{"embeddable":true,"href":"https:\/\/sustainablestories.be\/fr\/wp-json\/wp\/v2\/comments?post=91"}],"version-history":[{"count":10,"href":"https:\/\/sustainablestories.be\/fr\/wp-json\/wp\/v2\/pages\/91\/revisions"}],"predecessor-version":[{"id":1694,"href":"https:\/\/sustainablestories.be\/fr\/wp-json\/wp\/v2\/pages\/91\/revisions\/1694"}],"wp:featuredmedia":[{"embeddable":true,"href":"https:\/\/sustainablestories.be\/fr\/wp-json\/wp\/v2\/media\/1533"}],"wp:attachment":[{"href":"https:\/\/sustainablestories.be\/fr\/wp-json\/wp\/v2\/media?parent=91"}],"curies":[{"name":"wp","href":"https:\/\/api.w.org\/{rel}","templated":true}]}}