{"id":438,"date":"2021-12-20T10:34:07","date_gmt":"2021-12-20T09:34:07","guid":{"rendered":"https:\/\/sustainablestories.be\/?page_id=438"},"modified":"2024-08-18T18:41:24","modified_gmt":"2024-08-18T16:41:24","slug":"politique-dexpedition-et-de-livraison","status":"publish","type":"page","link":"https:\/\/sustainablestories.be\/fr\/verzend-en-leveringsbeleid\/","title":{"rendered":"Politique d'envoi et de livraison"},"content":{"rendered":"<section class=\"bde-section-438-100 bde-section\">\n  \n  \n\t\n\n\n\n<div class=\"section-container\"><div class=\"bde-rich-text-438-102 bde-rich-text width-normal breakdance-rich-text-styles\">\n<p>Nous faisons de notre mieux pour livrer votre commande le plus rapidement possible. Cependant, nous n'y parvenons pas toujours ; il arrive que des produits soient en rupture de stock et que la livraison de votre commande prenne un peu plus de temps. Bien entendu, nous vous informerons d\u00e8s que possible de tout probl\u00e8me li\u00e9 \u00e0 votre envoi.<\/p><p>Nous exp\u00e9dions nos colis vers la Belgique ou les Pays-Bas en recourant aux services d'un tiers. En r\u00e8gle g\u00e9n\u00e9rale, la livraison a lieu le jour ouvrable suivant, entre 9h00 et 18h00. Nous ne pouvons malheureusement pas garantir l'heure de livraison.<\/p><p>Les frais d'exp\u00e9dition sont clairement affich\u00e9s lors de la commande.<\/p><p><strong>Je me suis tromp\u00e9 d'adresse de livraison !<\/strong><\/p><p>Vous avez fourni une mauvaise adresse de livraison par erreur ? Veuillez nous contacter d\u00e8s que possible. Nous essaierons alors de modifier la commande pour vous.<\/p><p><strong>D'autres questions ?<\/strong><\/p><p>Pour plus de d\u00e9tails sur notre politique de remboursement et de retour, veuillez consulter la rubrique <a href=\"\/fr\/conditions\/\">Termes &amp; Conditions<\/a>.<\/p><p>\u00a0<\/p>\n<\/div><\/div>\n<\/section>","protected":false},"excerpt":{"rendered":"<p>Wij doen zorgvuldig ons best de bestelling zo spoedig mogelijk bij u af te leveren. Niet altijd lukt het ons echter om dit na te komen, soms zijn producten niet voorradig en dan kan de levering van uw bestelling iets langer duren. Wij brengen u uiteraard zo spoedig mogelijk op de hoogte van een mogelijk [&hellip;]<\/p>\n","protected":false},"author":3,"featured_media":1287,"parent":0,"menu_order":0,"comment_status":"closed","ping_status":"closed","template":"","meta":{"_acf_changed":false,"_breakdance_hide_in_design_set":false,"_breakdance_tags":"","footnotes":""},"class_list":["post-438","page","type-page","status-publish","has-post-thumbnail","hentry"],"acf":[],"_links":{"self":[{"href":"https:\/\/sustainablestories.be\/fr\/wp-json\/wp\/v2\/pages\/438","targetHints":{"allow":["GET"]}}],"collection":[{"href":"https:\/\/sustainablestories.be\/fr\/wp-json\/wp\/v2\/pages"}],"about":[{"href":"https:\/\/sustainablestories.be\/fr\/wp-json\/wp\/v2\/types\/page"}],"author":[{"embeddable":true,"href":"https:\/\/sustainablestories.be\/fr\/wp-json\/wp\/v2\/users\/3"}],"replies":[{"embeddable":true,"href":"https:\/\/sustainablestories.be\/fr\/wp-json\/wp\/v2\/comments?post=438"}],"version-history":[{"count":2,"href":"https:\/\/sustainablestories.be\/fr\/wp-json\/wp\/v2\/pages\/438\/revisions"}],"predecessor-version":[{"id":1291,"href":"https:\/\/sustainablestories.be\/fr\/wp-json\/wp\/v2\/pages\/438\/revisions\/1291"}],"wp:featuredmedia":[{"embeddable":true,"href":"https:\/\/sustainablestories.be\/fr\/wp-json\/wp\/v2\/media\/1287"}],"wp:attachment":[{"href":"https:\/\/sustainablestories.be\/fr\/wp-json\/wp\/v2\/media?parent=438"}],"curies":[{"name":"wp","href":"https:\/\/api.w.org\/{rel}","templated":true}]}}