{"id":316,"date":"2021-10-11T10:33:25","date_gmt":"2021-10-11T08:33:25","guid":{"rendered":"https:\/\/sustainablestories.webmatic.be\/?page_id=316"},"modified":"2024-08-27T14:33:28","modified_gmt":"2024-08-27T12:33:28","slug":"production-de-papier","status":"publish","type":"page","link":"https:\/\/sustainablestories.be\/fr\/production-de-papier\/","title":{"rendered":"Production de papier"},"content":{"rendered":"<section class=\"bde-section-316-100 bde-section\">\n  \n  \n\t\n\n\n\n<div class=\"section-container\"><h2 class=\"bde-heading-316-101 bde-heading\">\nLe saviez-vous ?\n<\/h2><div class=\"bde-grid-316-102 bde-grid\">\n  \n  \n\t\n\n\n\n<div class=\"bde-div-316-103 bde-div\">\n  \n  \n\t\n\n\n\n<div class=\"bde-text-316-104 bde-text font-heading font-heading-normal\">\nLa production de papier n'est pas mauvaise pour les for\u00eats\n<\/div><div class=\"bde-text-316-105 bde-text\">\nL'industrie du papier n'utilise pas de bois tropical, mais principalement des sous-produits de la for\u00eat et des scieries.\n<\/div>\n<\/div><div class=\"bde-div-316-118 bde-div\">\n  \n  \n\t\n\n\n\n<div class=\"bde-text-316-119 bde-text font-heading font-heading-normal\">\nLe papier, un produit naturel\n<\/div><div class=\"bde-text-316-120 bde-text\">\nSaviez-vous que... l'industrie europ\u00e9enne du papier est le leader mondial en mati\u00e8re de traitement de mati\u00e8res premi\u00e8res extraites de mani\u00e8re durable, d'\u00e9nergie renouvelable et d'utilisation de mat\u00e9riaux recycl\u00e9s ? Par exemple, l'equivalent de 1500 terrains de football suppl\u00e9mentaires sont plant\u00e9s chaque jour en Europe.\n<\/div>\n<\/div><div class=\"bde-div-316-115 bde-div\">\n  \n  \n\t\n\n\n\n<div class=\"bde-text-316-116 bde-text font-heading font-heading-normal\">\nLa superficie des for\u00eats europ\u00e9ennes augmente\n<\/div><div class=\"bde-text-316-117 bde-text\">\nEntre 2005 et 2015, les for\u00eats europ\u00e9ennes ont augment\u00e9 d'une superficie sup\u00e9rieure \u00e0 celle de la Suisse.\n<\/div>\n<\/div><div class=\"bde-div-316-112 bde-div\">\n  \n  \n\t\n\n\n\n<div class=\"bde-text-316-113 bde-text font-heading font-heading-normal\">\n72% du papier est recycl\u00e9\n<\/div><div class=\"bde-text-316-114 bde-text\">\nEn Europe, nous recyclons 72% du papier. Le papier peut \u00eatre r\u00e9utilis\u00e9 6 \u00e0 7 fois.\n<\/div>\n<\/div><div class=\"bde-div-316-109 bde-div\">\n  \n  \n\t\n\n\n\n<div class=\"bde-text-316-110 bde-text font-heading font-heading-normal\">\nPlus de 60% de for\u00eats europ\u00e9ennes certifi\u00e9es FSC ou PEFC\n<\/div><div class=\"bde-text-316-111 bde-text\">\nIl s'agit d'un \"dipl\u00f4me\" de gestion foresti\u00e8re. Ces for\u00eats sont g\u00e9r\u00e9es de mani\u00e8re durable, ce qui permet d'obtenir des for\u00eats saines qui absorbent beaucoup de CO\u00b2. Une jeune for\u00eat absorbe 5 fois plus de CO\u00b2 qu'une vieille for\u00eat !\n<\/div>\n<\/div><div class=\"bde-div-316-106 bde-div\">\n  \n  \n\t\n\n\n\n<div class=\"bde-text-316-107 bde-text font-heading font-heading-normal\">\nConclusion : un mod\u00e8le de l'industrie circulaire\n<\/div><div class=\"bde-text-316-108 bde-text\">\nGr\u00e2ce, en partie, \u00e0 un taux de recyclage de 72 %, l'industrie du papier est devenue un mod\u00e8le d'\u00e9conomie circulaire.\n<\/div>\n<\/div>\n<\/div><\/div>\n<\/section>","protected":false},"excerpt":{"rendered":"<p>6 korte weetjes Papierproductie is niet slecht voor bossen De papierindustrie gebruikt geen tropish hout, maar benut hoofdzakelijk bijproducten van het bos en van houtzagerijen. Papier als natuurproduct Wist je dat\u2026 de Europese papierindustrie wereldleider is in verwerking van duurzaam ontgonnen grondstoffen, hernieuwbare energie het gebruik van gerecycleerd materiaal? Zo worden er in Europa elke [&hellip;]<\/p>","protected":false},"author":3,"featured_media":1518,"parent":0,"menu_order":0,"comment_status":"closed","ping_status":"closed","template":"","meta":{"_acf_changed":false,"_breakdance_hide_in_design_set":false,"_breakdance_tags":"","footnotes":""},"class_list":["post-316","page","type-page","status-publish","has-post-thumbnail","hentry"],"acf":[],"_links":{"self":[{"href":"https:\/\/sustainablestories.be\/fr\/wp-json\/wp\/v2\/pages\/316","targetHints":{"allow":["GET"]}}],"collection":[{"href":"https:\/\/sustainablestories.be\/fr\/wp-json\/wp\/v2\/pages"}],"about":[{"href":"https:\/\/sustainablestories.be\/fr\/wp-json\/wp\/v2\/types\/page"}],"author":[{"embeddable":true,"href":"https:\/\/sustainablestories.be\/fr\/wp-json\/wp\/v2\/users\/3"}],"replies":[{"embeddable":true,"href":"https:\/\/sustainablestories.be\/fr\/wp-json\/wp\/v2\/comments?post=316"}],"version-history":[{"count":19,"href":"https:\/\/sustainablestories.be\/fr\/wp-json\/wp\/v2\/pages\/316\/revisions"}],"predecessor-version":[{"id":1618,"href":"https:\/\/sustainablestories.be\/fr\/wp-json\/wp\/v2\/pages\/316\/revisions\/1618"}],"wp:featuredmedia":[{"embeddable":true,"href":"https:\/\/sustainablestories.be\/fr\/wp-json\/wp\/v2\/media\/1518"}],"wp:attachment":[{"href":"https:\/\/sustainablestories.be\/fr\/wp-json\/wp\/v2\/media?parent=316"}],"curies":[{"name":"wp","href":"https:\/\/api.w.org\/{rel}","templated":true}]}}